{"id":1328,"date":"2025-10-23T23:29:35","date_gmt":"2025-10-23T23:29:35","guid":{"rendered":"https:\/\/egypt-for-you.com\/?page_id=1328"},"modified":"2025-10-28T21:19:19","modified_gmt":"2025-10-28T21:19:19","slug":"sonnenfinsternis","status":"publish","type":"page","link":"https:\/\/egypt-for-you.com\/en\/sonnenfinsternis\/","title":{"rendered":"solar eclipse"},"content":{"rendered":"<div data-elementor-type=\"wp-page\" data-elementor-id=\"1328\" class=\"elementor elementor-1328\">\n\t\t\t\t<div class=\"elementor-element elementor-element-cce047f e-con-full e-flex e-con e-child\" data-id=\"cce047f\" data-element_type=\"container\">\n\t\t\t\t<div class=\"elementor-element elementor-element-cb95851 e-transform e-transform elementor-widget__width-initial elementor-widget elementor-widget-html\" data-id=\"cb95851\" data-element_type=\"widget\" data-settings=\"{&quot;_transform_flipX_effect&quot;:&quot;transform&quot;,&quot;_transform_scale_effect&quot;:{&quot;unit&quot;:&quot;px&quot;,&quot;size&quot;:0.3,&quot;sizes&quot;:[]},&quot;_transform_scale_effect_tablet&quot;:{&quot;unit&quot;:&quot;px&quot;,&quot;size&quot;:&quot;&quot;,&quot;sizes&quot;:[]},&quot;_transform_scale_effect_mobile&quot;:{&quot;unit&quot;:&quot;px&quot;,&quot;size&quot;:&quot;&quot;,&quot;sizes&quot;:[]}}\" data-widget_type=\"html.default\">\n\t\t\t\t<div class=\"elementor-widget-container\">\n\t\t\t\t\t<div class=\"eclipse-wrap\">\n  <div class=\"eclipse-stage\">\n    <div class=\"eclipse-sun\"><\/div>\n    <div class=\"eclipse-moon\"><\/div>\n  <\/div>\n<\/div>\n\t\t\t\t<\/div>\n\t\t\t\t<\/div>\n\t\t\t\t<\/div>\n\t\t<div class=\"elementor-element elementor-element-0e1582a e-flex e-con-boxed e-con e-parent\" data-id=\"0e1582a\" data-element_type=\"container\">\n\t\t\t\t\t<div class=\"e-con-inner\">\n\t\t\t\t<div class=\"elementor-element elementor-element-bc3a285 elementor-widget elementor-widget-text-editor\" data-id=\"bc3a285\" data-element_type=\"widget\" data-widget_type=\"text-editor.default\">\n\t\t\t\t<div class=\"elementor-widget-container\">\n\t\t\t\t\t\t\t\t\t<p>Am 2. August 2027 wird der \u00e4gyptische Himmel Schauplatz eines unvergesslichen Himmelsereignisses sein: eine totale Sonnenfinsternis, die \u00fcber das Niltal in Luxor fegt und es zwischen 12:00 und 13:00 Uhr f\u00fcr ca 6 Minuten in bezaubernder Dunkelheit verwandelt. Wenn die Sonnenscheibe hinter dem Mond verschwindet, wird eine silbrige Korona aufleuchten, Tagessterne erscheinen und die goldene D\u00e4mmerung wird uralte Tempel umrahmen. Es ist ein Schauspiel, das so selten ist, dass \u00c4gypten erst 2090 wieder eine solche totale Sonnenfinsternis erleben wird.<\/p><p>Fotografen, Astronomie-Enthusiasten und Sch\u00f6nheitssuchende werden eine wahre &#8222;Nacht am Mittag&#8220; erleben, die in Kameras und Herzen eingebrannt ist.<\/p>\t\t\t\t\t\t\t\t<\/div>\n\t\t\t\t<\/div>\n\t\t\t\t\t<\/div>\n\t\t\t\t<\/div>\n\t\t\t\t<\/div>","protected":false},"excerpt":{"rendered":"<p>Am 2. August 2027 wird der \u00e4gyptische Himmel Schauplatz eines unvergesslichen Himmelsereignisses sein: eine totale Sonnenfinsternis, die \u00fcber das Niltal in Luxor fegt und es zwischen 12:00 und 13:00 Uhr f\u00fcr ca 6 Minuten in bezaubernder Dunkelheit verwandelt. Wenn die Sonnenscheibe hinter dem Mond verschwindet, wird eine silbrige Korona aufleuchten, Tagessterne erscheinen und die goldene [&hellip;]<\/p>","protected":false},"author":1,"featured_media":0,"parent":0,"menu_order":0,"comment_status":"closed","ping_status":"closed","template":"elementor_header_footer","meta":{"ocean_post_layout":"","ocean_both_sidebars_style":"","ocean_both_sidebars_content_width":0,"ocean_both_sidebars_sidebars_width":0,"ocean_sidebar":"","ocean_second_sidebar":"","ocean_disable_margins":"enable","ocean_add_body_class":"","ocean_shortcode_before_top_bar":"","ocean_shortcode_after_top_bar":"","ocean_shortcode_before_header":"","ocean_shortcode_after_header":"","ocean_has_shortcode":"","ocean_shortcode_after_title":"","ocean_shortcode_before_footer_widgets":"","ocean_shortcode_after_footer_widgets":"","ocean_shortcode_before_footer_bottom":"","ocean_shortcode_after_footer_bottom":"","ocean_display_top_bar":"default","ocean_display_header":"default","ocean_header_style":"","ocean_center_header_left_menu":"","ocean_custom_header_template":"","ocean_custom_logo":0,"ocean_custom_retina_logo":0,"ocean_custom_logo_max_width":0,"ocean_custom_logo_tablet_max_width":0,"ocean_custom_logo_mobile_max_width":0,"ocean_custom_logo_max_height":0,"ocean_custom_logo_tablet_max_height":0,"ocean_custom_logo_mobile_max_height":0,"ocean_header_custom_menu":"","ocean_menu_typo_font_family":"","ocean_menu_typo_font_subset":"","ocean_menu_typo_font_size":0,"ocean_menu_typo_font_size_tablet":0,"ocean_menu_typo_font_size_mobile":0,"ocean_menu_typo_font_size_unit":"px","ocean_menu_typo_font_weight":"","ocean_menu_typo_font_weight_tablet":"","ocean_menu_typo_font_weight_mobile":"","ocean_menu_typo_transform":"","ocean_menu_typo_transform_tablet":"","ocean_menu_typo_transform_mobile":"","ocean_menu_typo_line_height":0,"ocean_menu_typo_line_height_tablet":0,"ocean_menu_typo_line_height_mobile":0,"ocean_menu_typo_line_height_unit":"","ocean_menu_typo_spacing":0,"ocean_menu_typo_spacing_tablet":0,"ocean_menu_typo_spacing_mobile":0,"ocean_menu_typo_spacing_unit":"","ocean_menu_link_color":"","ocean_menu_link_color_hover":"","ocean_menu_link_color_active":"","ocean_menu_link_background":"","ocean_menu_link_hover_background":"","ocean_menu_link_active_background":"","ocean_menu_social_links_bg":"","ocean_menu_social_hover_links_bg":"","ocean_menu_social_links_color":"","ocean_menu_social_hover_links_color":"","ocean_disable_title":"default","ocean_disable_heading":"default","ocean_post_title":"","ocean_post_subheading":"","ocean_post_title_style":"","ocean_post_title_background_color":"","ocean_post_title_background":0,"ocean_post_title_bg_image_position":"","ocean_post_title_bg_image_attachment":"","ocean_post_title_bg_image_repeat":"","ocean_post_title_bg_image_size":"","ocean_post_title_height":0,"ocean_post_title_bg_overlay":0.5,"ocean_post_title_bg_overlay_color":"","ocean_disable_breadcrumbs":"default","ocean_breadcrumbs_color":"","ocean_breadcrumbs_separator_color":"","ocean_breadcrumbs_links_color":"","ocean_breadcrumbs_links_hover_color":"","ocean_display_footer_widgets":"default","ocean_display_footer_bottom":"default","ocean_custom_footer_template":"","footnotes":""},"class_list":["post-1328","page","type-page","status-publish","hentry","entry"],"yoast_head":"<!-- This site is optimized with the Yoast SEO plugin v24.3 - https:\/\/yoast.com\/wordpress\/plugins\/seo\/ -->\n<title>Sonnenfinsternis - Funduk al Shams<\/title>\n<meta name=\"robots\" content=\"index, follow, max-snippet:-1, max-image-preview:large, max-video-preview:-1\" \/>\n<link rel=\"canonical\" href=\"https:\/\/egypt-for-you.com\/en\/sonnenfinsternis\/\" \/>\n<meta property=\"og:locale\" content=\"en_GB\" \/>\n<meta property=\"og:type\" content=\"article\" \/>\n<meta property=\"og:title\" content=\"Sonnenfinsternis - Funduk al Shams\" \/>\n<meta property=\"og:description\" content=\"Am 2. August 2027 wird der \u00e4gyptische Himmel Schauplatz eines unvergesslichen Himmelsereignisses sein: eine totale Sonnenfinsternis, die \u00fcber das Niltal in Luxor fegt und es zwischen 12:00 und 13:00 Uhr f\u00fcr ca 6 Minuten in bezaubernder Dunkelheit verwandelt. Wenn die Sonnenscheibe hinter dem Mond verschwindet, wird eine silbrige Korona aufleuchten, Tagessterne erscheinen und die goldene [&hellip;]\" \/>\n<meta property=\"og:url\" content=\"https:\/\/egypt-for-you.com\/en\/sonnenfinsternis\/\" \/>\n<meta property=\"og:site_name\" content=\"Funduk al Shams\" \/>\n<meta property=\"article:modified_time\" content=\"2025-10-28T21:19:19+00:00\" \/>\n<meta name=\"twitter:card\" content=\"summary_large_image\" \/>\n<meta name=\"twitter:label1\" content=\"Estimated reading time\" \/>\n\t<meta name=\"twitter:data1\" content=\"1 minute\" \/>\n<script type=\"application\/ld+json\" class=\"yoast-schema-graph\">{\"@context\":\"https:\/\/schema.org\",\"@graph\":[{\"@type\":\"WebPage\",\"@id\":\"https:\/\/egypt-for-you.com\/sonnenfinsternis\/\",\"url\":\"https:\/\/egypt-for-you.com\/sonnenfinsternis\/\",\"name\":\"Sonnenfinsternis - Funduk al Shams\",\"isPartOf\":{\"@id\":\"https:\/\/egypt-for-you.com\/#website\"},\"datePublished\":\"2025-10-23T23:29:35+00:00\",\"dateModified\":\"2025-10-28T21:19:19+00:00\",\"breadcrumb\":{\"@id\":\"https:\/\/egypt-for-you.com\/sonnenfinsternis\/#breadcrumb\"},\"inLanguage\":\"en-GB\",\"potentialAction\":[{\"@type\":\"ReadAction\",\"target\":[\"https:\/\/egypt-for-you.com\/sonnenfinsternis\/\"]}]},{\"@type\":\"BreadcrumbList\",\"@id\":\"https:\/\/egypt-for-you.com\/sonnenfinsternis\/#breadcrumb\",\"itemListElement\":[{\"@type\":\"ListItem\",\"position\":1,\"name\":\"Startseite\",\"item\":\"https:\/\/egypt-for-you.com\/\"},{\"@type\":\"ListItem\",\"position\":2,\"name\":\"Sonnenfinsternis\"}]},{\"@type\":\"WebSite\",\"@id\":\"https:\/\/egypt-for-you.com\/#website\",\"url\":\"https:\/\/egypt-for-you.com\/\",\"name\":\"Funduk al Shams\",\"description\":\"\",\"potentialAction\":[{\"@type\":\"SearchAction\",\"target\":{\"@type\":\"EntryPoint\",\"urlTemplate\":\"https:\/\/egypt-for-you.com\/?s={search_term_string}\"},\"query-input\":{\"@type\":\"PropertyValueSpecification\",\"valueRequired\":true,\"valueName\":\"search_term_string\"}}],\"inLanguage\":\"en-GB\"}]}<\/script>\n<!-- \/ Yoast SEO plugin. -->","yoast_head_json":{"title":"Sonnenfinsternis - Funduk al Shams","robots":{"index":"index","follow":"follow","max-snippet":"max-snippet:-1","max-image-preview":"max-image-preview:large","max-video-preview":"max-video-preview:-1"},"canonical":"https:\/\/egypt-for-you.com\/en\/sonnenfinsternis\/","og_locale":"en_GB","og_type":"article","og_title":"Sonnenfinsternis - Funduk al Shams","og_description":"Am 2. August 2027 wird der \u00e4gyptische Himmel Schauplatz eines unvergesslichen Himmelsereignisses sein: eine totale Sonnenfinsternis, die \u00fcber das Niltal in Luxor fegt und es zwischen 12:00 und 13:00 Uhr f\u00fcr ca 6 Minuten in bezaubernder Dunkelheit verwandelt. Wenn die Sonnenscheibe hinter dem Mond verschwindet, wird eine silbrige Korona aufleuchten, Tagessterne erscheinen und die goldene [&hellip;]","og_url":"https:\/\/egypt-for-you.com\/en\/sonnenfinsternis\/","og_site_name":"Funduk al Shams","article_modified_time":"2025-10-28T21:19:19+00:00","twitter_card":"summary_large_image","twitter_misc":{"Estimated reading time":"1 minute"},"schema":{"@context":"https:\/\/schema.org","@graph":[{"@type":"WebPage","@id":"https:\/\/egypt-for-you.com\/sonnenfinsternis\/","url":"https:\/\/egypt-for-you.com\/sonnenfinsternis\/","name":"Sonnenfinsternis - Funduk al Shams","isPartOf":{"@id":"https:\/\/egypt-for-you.com\/#website"},"datePublished":"2025-10-23T23:29:35+00:00","dateModified":"2025-10-28T21:19:19+00:00","breadcrumb":{"@id":"https:\/\/egypt-for-you.com\/sonnenfinsternis\/#breadcrumb"},"inLanguage":"en-GB","potentialAction":[{"@type":"ReadAction","target":["https:\/\/egypt-for-you.com\/sonnenfinsternis\/"]}]},{"@type":"BreadcrumbList","@id":"https:\/\/egypt-for-you.com\/sonnenfinsternis\/#breadcrumb","itemListElement":[{"@type":"ListItem","position":1,"name":"Startseite","item":"https:\/\/egypt-for-you.com\/"},{"@type":"ListItem","position":2,"name":"Sonnenfinsternis"}]},{"@type":"WebSite","@id":"https:\/\/egypt-for-you.com\/#website","url":"https:\/\/egypt-for-you.com\/","name":"Funduk al Shams","description":"","potentialAction":[{"@type":"SearchAction","target":{"@type":"EntryPoint","urlTemplate":"https:\/\/egypt-for-you.com\/?s={search_term_string}"},"query-input":{"@type":"PropertyValueSpecification","valueRequired":true,"valueName":"search_term_string"}}],"inLanguage":"en-GB"}]}},"_links":{"self":[{"href":"https:\/\/egypt-for-you.com\/en\/wp-json\/wp\/v2\/pages\/1328","targetHints":{"allow":["GET"]}}],"collection":[{"href":"https:\/\/egypt-for-you.com\/en\/wp-json\/wp\/v2\/pages"}],"about":[{"href":"https:\/\/egypt-for-you.com\/en\/wp-json\/wp\/v2\/types\/page"}],"author":[{"embeddable":true,"href":"https:\/\/egypt-for-you.com\/en\/wp-json\/wp\/v2\/users\/1"}],"replies":[{"embeddable":true,"href":"https:\/\/egypt-for-you.com\/en\/wp-json\/wp\/v2\/comments?post=1328"}],"version-history":[{"count":20,"href":"https:\/\/egypt-for-you.com\/en\/wp-json\/wp\/v2\/pages\/1328\/revisions"}],"predecessor-version":[{"id":1583,"href":"https:\/\/egypt-for-you.com\/en\/wp-json\/wp\/v2\/pages\/1328\/revisions\/1583"}],"wp:attachment":[{"href":"https:\/\/egypt-for-you.com\/en\/wp-json\/wp\/v2\/media?parent=1328"}],"curies":[{"name":"wp","href":"https:\/\/api.w.org\/{rel}","templated":true}]}}