{"id":562,"date":"2025-02-26T12:20:52","date_gmt":"2025-02-26T12:20:52","guid":{"rendered":"https:\/\/egypt-for-you.com\/online\/?page_id=562"},"modified":"2025-10-16T16:25:13","modified_gmt":"2025-10-16T16:25:13","slug":"verpflegung","status":"publish","type":"page","link":"https:\/\/egypt-for-you.com\/en\/verpflegung\/","title":{"rendered":"We offer full board"},"content":{"rendered":"<div data-elementor-type=\"wp-page\" data-elementor-id=\"562\" class=\"elementor elementor-562\">\n\t\t\t\t<div class=\"elementor-element elementor-element-1ad84f2b e-flex e-con-boxed e-con e-parent\" data-id=\"1ad84f2b\" data-element_type=\"container\">\n\t\t\t\t\t<div class=\"e-con-inner\">\n\t\t\t\t<div class=\"elementor-element elementor-element-2d26595f elementor-widget elementor-widget-text-editor\" data-id=\"2d26595f\" data-element_type=\"widget\" data-widget_type=\"text-editor.default\">\n\t\t\t\t<div class=\"elementor-widget-container\">\n\t\t\t\t\t\t\t\t\t<p>Our package includes overnight accommodation with all-inclusive meals and non-alcoholic beverages. The cuisine is half Egyptian, half European, and primarily uses regional produce and our own garden. Even the bread and yogurt are homemade.<br \/>We will strive to combine Egyptian and Austrian hospitality with our very personal style and pass it on to our guests<\/p>\t\t\t\t\t\t\t\t<\/div>\n\t\t\t\t<\/div>\n\t\t\t\t\t<\/div>\n\t\t\t\t<\/div>\n\t\t<div class=\"elementor-element elementor-element-e0a424c e-grid e-con-boxed e-con e-parent\" data-id=\"e0a424c\" data-element_type=\"container\">\n\t\t\t\t\t<div class=\"e-con-inner\">\n\t\t\t\t<div class=\"elementor-element elementor-element-476681c7 elementor-widget elementor-widget-image\" data-id=\"476681c7\" data-element_type=\"widget\" data-widget_type=\"image.default\">\n\t\t\t\t<div class=\"elementor-widget-container\">\n\t\t\t\t\t\t\t\t\t\t\t\t\t\t\t<img fetchpriority=\"high\" decoding=\"async\" width=\"446\" height=\"300\" src=\"https:\/\/egypt-for-you.com\/online\/wp-content\/uploads\/2025\/02\/2-1.jpg\" class=\"attachment-large size-large wp-image-570\" alt=\"\" srcset=\"https:\/\/egypt-for-you.com\/online\/wp-content\/uploads\/2025\/02\/2-1.jpg 446w, https:\/\/egypt-for-you.com\/online\/wp-content\/uploads\/2025\/02\/2-1-300x202.jpg 300w\" sizes=\"(max-width: 446px) 100vw, 446px\" \/>\t\t\t\t\t\t\t\t\t\t\t\t\t\t\t<\/div>\n\t\t\t\t<\/div>\n\t\t\t\t<div class=\"elementor-element elementor-element-62411566 elementor-widget elementor-widget-image\" data-id=\"62411566\" data-element_type=\"widget\" data-widget_type=\"image.default\">\n\t\t\t\t<div class=\"elementor-widget-container\">\n\t\t\t\t\t\t\t\t\t\t\t\t\t\t\t<img decoding=\"async\" width=\"400\" height=\"300\" src=\"https:\/\/egypt-for-you.com\/online\/wp-content\/uploads\/2025\/02\/3-1.jpg\" class=\"attachment-large size-large wp-image-571\" alt=\"\" srcset=\"https:\/\/egypt-for-you.com\/online\/wp-content\/uploads\/2025\/02\/3-1.jpg 400w, https:\/\/egypt-for-you.com\/online\/wp-content\/uploads\/2025\/02\/3-1-300x225.jpg 300w\" sizes=\"(max-width: 400px) 100vw, 400px\" \/>\t\t\t\t\t\t\t\t\t\t\t\t\t\t\t<\/div>\n\t\t\t\t<\/div>\n\t\t\t\t<div class=\"elementor-element elementor-element-479dcf45 elementor-widget elementor-widget-image\" data-id=\"479dcf45\" data-element_type=\"widget\" data-widget_type=\"image.default\">\n\t\t\t\t<div class=\"elementor-widget-container\">\n\t\t\t\t\t\t\t\t\t\t\t\t\t\t\t<img decoding=\"async\" width=\"400\" height=\"300\" src=\"https:\/\/egypt-for-you.com\/online\/wp-content\/uploads\/2025\/02\/4-1.jpg\" class=\"attachment-large size-large wp-image-572\" alt=\"\" srcset=\"https:\/\/egypt-for-you.com\/online\/wp-content\/uploads\/2025\/02\/4-1.jpg 400w, https:\/\/egypt-for-you.com\/online\/wp-content\/uploads\/2025\/02\/4-1-300x225.jpg 300w\" sizes=\"(max-width: 400px) 100vw, 400px\" \/>\t\t\t\t\t\t\t\t\t\t\t\t\t\t\t<\/div>\n\t\t\t\t<\/div>\n\t\t\t\t<div class=\"elementor-element elementor-element-14aba787 elementor-widget elementor-widget-image\" data-id=\"14aba787\" data-element_type=\"widget\" data-widget_type=\"image.default\">\n\t\t\t\t<div class=\"elementor-widget-container\">\n\t\t\t\t\t\t\t\t\t\t\t\t\t\t\t<img loading=\"lazy\" decoding=\"async\" width=\"400\" height=\"300\" src=\"https:\/\/egypt-for-you.com\/online\/wp-content\/uploads\/2025\/02\/7-1.jpg\" class=\"attachment-large size-large wp-image-575\" alt=\"\" srcset=\"https:\/\/egypt-for-you.com\/online\/wp-content\/uploads\/2025\/02\/7-1.jpg 400w, https:\/\/egypt-for-you.com\/online\/wp-content\/uploads\/2025\/02\/7-1-300x225.jpg 300w\" sizes=\"(max-width: 400px) 100vw, 400px\" \/>\t\t\t\t\t\t\t\t\t\t\t\t\t\t\t<\/div>\n\t\t\t\t<\/div>\n\t\t\t\t<div class=\"elementor-element elementor-element-4168a97 elementor-widget elementor-widget-image\" data-id=\"4168a97\" data-element_type=\"widget\" data-widget_type=\"image.default\">\n\t\t\t\t<div class=\"elementor-widget-container\">\n\t\t\t\t\t\t\t\t\t\t\t\t\t\t\t<img loading=\"lazy\" decoding=\"async\" width=\"400\" height=\"300\" src=\"https:\/\/egypt-for-you.com\/online\/wp-content\/uploads\/2025\/02\/9-1.jpg\" class=\"attachment-large size-large wp-image-577\" alt=\"\" srcset=\"https:\/\/egypt-for-you.com\/online\/wp-content\/uploads\/2025\/02\/9-1.jpg 400w, https:\/\/egypt-for-you.com\/online\/wp-content\/uploads\/2025\/02\/9-1-300x225.jpg 300w\" sizes=\"(max-width: 400px) 100vw, 400px\" \/>\t\t\t\t\t\t\t\t\t\t\t\t\t\t\t<\/div>\n\t\t\t\t<\/div>\n\t\t\t\t<div class=\"elementor-element elementor-element-59853ddd elementor-widget elementor-widget-image\" data-id=\"59853ddd\" data-element_type=\"widget\" data-widget_type=\"image.default\">\n\t\t\t\t<div class=\"elementor-widget-container\">\n\t\t\t\t\t\t\t\t\t\t\t\t\t\t\t<img loading=\"lazy\" decoding=\"async\" width=\"400\" height=\"300\" src=\"https:\/\/egypt-for-you.com\/online\/wp-content\/uploads\/2025\/02\/8-1.jpg\" class=\"attachment-large size-large wp-image-576\" alt=\"\" srcset=\"https:\/\/egypt-for-you.com\/online\/wp-content\/uploads\/2025\/02\/8-1.jpg 400w, https:\/\/egypt-for-you.com\/online\/wp-content\/uploads\/2025\/02\/8-1-300x225.jpg 300w\" sizes=\"(max-width: 400px) 100vw, 400px\" \/>\t\t\t\t\t\t\t\t\t\t\t\t\t\t\t<\/div>\n\t\t\t\t<\/div>\n\t\t\t\t\t<\/div>\n\t\t\t\t<\/div>\n\t\t<div class=\"elementor-element elementor-element-3f9c267d e-flex e-con-boxed e-con e-parent\" data-id=\"3f9c267d\" data-element_type=\"container\">\n\t\t\t\t\t<div class=\"e-con-inner\">\n\t\t<div class=\"elementor-element elementor-element-3732fc32 e-con-full e-flex e-con e-child\" data-id=\"3732fc32\" data-element_type=\"container\">\n\t\t\t\t<\/div>\n\t\t<div class=\"elementor-element elementor-element-21c5ba9b e-con-full e-flex e-con e-child\" data-id=\"21c5ba9b\" data-element_type=\"container\">\n\t\t\t\t<\/div>\n\t\t<div class=\"elementor-element elementor-element-190fc513 e-con-full e-flex e-con e-child\" data-id=\"190fc513\" data-element_type=\"container\">\n\t\t\t\t<\/div>\n\t\t<div class=\"elementor-element elementor-element-5d85d1a5 e-con-full e-flex e-con e-child\" data-id=\"5d85d1a5\" data-element_type=\"container\">\n\t\t\t\t<\/div>\n\t\t<div class=\"elementor-element elementor-element-5908f9f1 e-con-full e-flex e-con e-child\" data-id=\"5908f9f1\" data-element_type=\"container\">\n\t\t\t\t<\/div>\n\t\t<div class=\"elementor-element elementor-element-2de54fb9 e-con-full e-flex e-con e-child\" data-id=\"2de54fb9\" data-element_type=\"container\">\n\t\t\t\t<\/div>\n\t\t\t\t\t<\/div>\n\t\t\t\t<\/div>\n\t\t\t\t<\/div>","protected":false},"excerpt":{"rendered":"<p>Unser Angebot beinhaltet N\u00e4chtigung mit all-inklusive Verpflegung und Getr\u00e4nken ohne Alkohol. Die K\u00fcche ist halb \u00e4gyptisch, halb europ\u00e4isch und es werden vor allem Produkte der Region und des eigenen Gartens verwendet, auch das Brot sowie Yoghurt wird hausgemacht.Wir werden uns bem\u00fchen mit unserem sehr pers\u00f6nlichen Stil \u00e4gyptische und \u00f6sterreichische Gastfreundschaft zu verbinden und an unsere [&hellip;]<\/p>","protected":false},"author":1,"featured_media":0,"parent":0,"menu_order":0,"comment_status":"closed","ping_status":"closed","template":"elementor_header_footer","meta":{"ocean_post_layout":"","ocean_both_sidebars_style":"","ocean_both_sidebars_content_width":0,"ocean_both_sidebars_sidebars_width":0,"ocean_sidebar":"","ocean_second_sidebar":"","ocean_disable_margins":"enable","ocean_add_body_class":"","ocean_shortcode_before_top_bar":"","ocean_shortcode_after_top_bar":"","ocean_shortcode_before_header":"","ocean_shortcode_after_header":"","ocean_has_shortcode":"","ocean_shortcode_after_title":"","ocean_shortcode_before_footer_widgets":"","ocean_shortcode_after_footer_widgets":"","ocean_shortcode_before_footer_bottom":"","ocean_shortcode_after_footer_bottom":"","ocean_display_top_bar":"default","ocean_display_header":"default","ocean_header_style":"","ocean_center_header_left_menu":"","ocean_custom_header_template":"","ocean_custom_logo":0,"ocean_custom_retina_logo":0,"ocean_custom_logo_max_width":0,"ocean_custom_logo_tablet_max_width":0,"ocean_custom_logo_mobile_max_width":0,"ocean_custom_logo_max_height":0,"ocean_custom_logo_tablet_max_height":0,"ocean_custom_logo_mobile_max_height":0,"ocean_header_custom_menu":"","ocean_menu_typo_font_family":"","ocean_menu_typo_font_subset":"","ocean_menu_typo_font_size":0,"ocean_menu_typo_font_size_tablet":0,"ocean_menu_typo_font_size_mobile":0,"ocean_menu_typo_font_size_unit":"px","ocean_menu_typo_font_weight":"","ocean_menu_typo_font_weight_tablet":"","ocean_menu_typo_font_weight_mobile":"","ocean_menu_typo_transform":"","ocean_menu_typo_transform_tablet":"","ocean_menu_typo_transform_mobile":"","ocean_menu_typo_line_height":0,"ocean_menu_typo_line_height_tablet":0,"ocean_menu_typo_line_height_mobile":0,"ocean_menu_typo_line_height_unit":"","ocean_menu_typo_spacing":0,"ocean_menu_typo_spacing_tablet":0,"ocean_menu_typo_spacing_mobile":0,"ocean_menu_typo_spacing_unit":"","ocean_menu_link_color":"","ocean_menu_link_color_hover":"","ocean_menu_link_color_active":"","ocean_menu_link_background":"","ocean_menu_link_hover_background":"","ocean_menu_link_active_background":"","ocean_menu_social_links_bg":"","ocean_menu_social_hover_links_bg":"","ocean_menu_social_links_color":"","ocean_menu_social_hover_links_color":"","ocean_disable_title":"default","ocean_disable_heading":"default","ocean_post_title":"","ocean_post_subheading":"","ocean_post_title_style":"","ocean_post_title_background_color":"","ocean_post_title_background":0,"ocean_post_title_bg_image_position":"","ocean_post_title_bg_image_attachment":"","ocean_post_title_bg_image_repeat":"","ocean_post_title_bg_image_size":"","ocean_post_title_height":0,"ocean_post_title_bg_overlay":0.5,"ocean_post_title_bg_overlay_color":"","ocean_disable_breadcrumbs":"default","ocean_breadcrumbs_color":"","ocean_breadcrumbs_separator_color":"","ocean_breadcrumbs_links_color":"","ocean_breadcrumbs_links_hover_color":"","ocean_display_footer_widgets":"default","ocean_display_footer_bottom":"default","ocean_custom_footer_template":"","footnotes":""},"class_list":["post-562","page","type-page","status-publish","hentry","entry"],"yoast_head":"<!-- This site is optimized with the Yoast SEO plugin v24.3 - https:\/\/yoast.com\/wordpress\/plugins\/seo\/ -->\n<title>Verpflegung - Funduk al Shams<\/title>\n<meta name=\"robots\" content=\"index, follow, max-snippet:-1, max-image-preview:large, max-video-preview:-1\" \/>\n<link rel=\"canonical\" href=\"https:\/\/egypt-for-you.com\/en\/verpflegung\/\" \/>\n<meta property=\"og:locale\" content=\"en_GB\" \/>\n<meta property=\"og:type\" content=\"article\" \/>\n<meta property=\"og:title\" content=\"Verpflegung - Funduk al Shams\" \/>\n<meta property=\"og:description\" content=\"Unser Angebot beinhaltet N\u00e4chtigung mit all-inklusive Verpflegung und Getr\u00e4nken ohne Alkohol. Die K\u00fcche ist halb \u00e4gyptisch, halb europ\u00e4isch und es werden vor allem Produkte der Region und des eigenen Gartens verwendet, auch das Brot sowie Yoghurt wird hausgemacht.Wir werden uns bem\u00fchen mit unserem sehr pers\u00f6nlichen Stil \u00e4gyptische und \u00f6sterreichische Gastfreundschaft zu verbinden und an unsere [&hellip;]\" \/>\n<meta property=\"og:url\" content=\"https:\/\/egypt-for-you.com\/en\/verpflegung\/\" \/>\n<meta property=\"og:site_name\" content=\"Funduk al Shams\" \/>\n<meta property=\"article:modified_time\" content=\"2025-10-16T16:25:13+00:00\" \/>\n<meta property=\"og:image\" content=\"https:\/\/egypt-for-you.com\/online\/wp-content\/uploads\/2025\/02\/2-1.jpg\" \/>\n<meta name=\"twitter:card\" content=\"summary_large_image\" \/>\n<meta name=\"twitter:label1\" content=\"Estimated reading time\" \/>\n\t<meta name=\"twitter:data1\" content=\"3 minutes\" \/>\n<script type=\"application\/ld+json\" class=\"yoast-schema-graph\">{\"@context\":\"https:\/\/schema.org\",\"@graph\":[{\"@type\":\"WebPage\",\"@id\":\"https:\/\/egypt-for-you.com\/en\/verpflegung\/\",\"url\":\"https:\/\/egypt-for-you.com\/en\/verpflegung\/\",\"name\":\"Verpflegung - Funduk al Shams\",\"isPartOf\":{\"@id\":\"https:\/\/egypt-for-you.com\/#website\"},\"primaryImageOfPage\":{\"@id\":\"https:\/\/egypt-for-you.com\/en\/verpflegung\/#primaryimage\"},\"image\":{\"@id\":\"https:\/\/egypt-for-you.com\/en\/verpflegung\/#primaryimage\"},\"thumbnailUrl\":\"https:\/\/egypt-for-you.com\/online\/wp-content\/uploads\/2025\/02\/2-1.jpg\",\"datePublished\":\"2025-02-26T12:20:52+00:00\",\"dateModified\":\"2025-10-16T16:25:13+00:00\",\"breadcrumb\":{\"@id\":\"https:\/\/egypt-for-you.com\/en\/verpflegung\/#breadcrumb\"},\"inLanguage\":\"en-GB\",\"potentialAction\":[{\"@type\":\"ReadAction\",\"target\":[\"https:\/\/egypt-for-you.com\/en\/verpflegung\/\"]}]},{\"@type\":\"ImageObject\",\"inLanguage\":\"en-GB\",\"@id\":\"https:\/\/egypt-for-you.com\/en\/verpflegung\/#primaryimage\",\"url\":\"https:\/\/egypt-for-you.com\/online\/wp-content\/uploads\/2025\/02\/2-1.jpg\",\"contentUrl\":\"https:\/\/egypt-for-you.com\/online\/wp-content\/uploads\/2025\/02\/2-1.jpg\"},{\"@type\":\"BreadcrumbList\",\"@id\":\"https:\/\/egypt-for-you.com\/en\/verpflegung\/#breadcrumb\",\"itemListElement\":[{\"@type\":\"ListItem\",\"position\":1,\"name\":\"Startseite\",\"item\":\"https:\/\/egypt-for-you.com\/\"},{\"@type\":\"ListItem\",\"position\":2,\"name\":\"Verpflegung\"}]},{\"@type\":\"WebSite\",\"@id\":\"https:\/\/egypt-for-you.com\/#website\",\"url\":\"https:\/\/egypt-for-you.com\/\",\"name\":\"Funduk al Shams\",\"description\":\"\",\"potentialAction\":[{\"@type\":\"SearchAction\",\"target\":{\"@type\":\"EntryPoint\",\"urlTemplate\":\"https:\/\/egypt-for-you.com\/?s={search_term_string}\"},\"query-input\":{\"@type\":\"PropertyValueSpecification\",\"valueRequired\":true,\"valueName\":\"search_term_string\"}}],\"inLanguage\":\"en-GB\"}]}<\/script>\n<!-- \/ Yoast SEO plugin. -->","yoast_head_json":{"title":"Verpflegung - Funduk al Shams","robots":{"index":"index","follow":"follow","max-snippet":"max-snippet:-1","max-image-preview":"max-image-preview:large","max-video-preview":"max-video-preview:-1"},"canonical":"https:\/\/egypt-for-you.com\/en\/verpflegung\/","og_locale":"en_GB","og_type":"article","og_title":"Verpflegung - Funduk al Shams","og_description":"Unser Angebot beinhaltet N\u00e4chtigung mit all-inklusive Verpflegung und Getr\u00e4nken ohne Alkohol. Die K\u00fcche ist halb \u00e4gyptisch, halb europ\u00e4isch und es werden vor allem Produkte der Region und des eigenen Gartens verwendet, auch das Brot sowie Yoghurt wird hausgemacht.Wir werden uns bem\u00fchen mit unserem sehr pers\u00f6nlichen Stil \u00e4gyptische und \u00f6sterreichische Gastfreundschaft zu verbinden und an unsere [&hellip;]","og_url":"https:\/\/egypt-for-you.com\/en\/verpflegung\/","og_site_name":"Funduk al Shams","article_modified_time":"2025-10-16T16:25:13+00:00","og_image":[{"url":"https:\/\/egypt-for-you.com\/online\/wp-content\/uploads\/2025\/02\/2-1.jpg","type":"","width":"","height":""}],"twitter_card":"summary_large_image","twitter_misc":{"Estimated reading time":"3 minutes"},"schema":{"@context":"https:\/\/schema.org","@graph":[{"@type":"WebPage","@id":"https:\/\/egypt-for-you.com\/en\/verpflegung\/","url":"https:\/\/egypt-for-you.com\/en\/verpflegung\/","name":"Verpflegung - Funduk al Shams","isPartOf":{"@id":"https:\/\/egypt-for-you.com\/#website"},"primaryImageOfPage":{"@id":"https:\/\/egypt-for-you.com\/en\/verpflegung\/#primaryimage"},"image":{"@id":"https:\/\/egypt-for-you.com\/en\/verpflegung\/#primaryimage"},"thumbnailUrl":"https:\/\/egypt-for-you.com\/online\/wp-content\/uploads\/2025\/02\/2-1.jpg","datePublished":"2025-02-26T12:20:52+00:00","dateModified":"2025-10-16T16:25:13+00:00","breadcrumb":{"@id":"https:\/\/egypt-for-you.com\/en\/verpflegung\/#breadcrumb"},"inLanguage":"en-GB","potentialAction":[{"@type":"ReadAction","target":["https:\/\/egypt-for-you.com\/en\/verpflegung\/"]}]},{"@type":"ImageObject","inLanguage":"en-GB","@id":"https:\/\/egypt-for-you.com\/en\/verpflegung\/#primaryimage","url":"https:\/\/egypt-for-you.com\/online\/wp-content\/uploads\/2025\/02\/2-1.jpg","contentUrl":"https:\/\/egypt-for-you.com\/online\/wp-content\/uploads\/2025\/02\/2-1.jpg"},{"@type":"BreadcrumbList","@id":"https:\/\/egypt-for-you.com\/en\/verpflegung\/#breadcrumb","itemListElement":[{"@type":"ListItem","position":1,"name":"Startseite","item":"https:\/\/egypt-for-you.com\/"},{"@type":"ListItem","position":2,"name":"Verpflegung"}]},{"@type":"WebSite","@id":"https:\/\/egypt-for-you.com\/#website","url":"https:\/\/egypt-for-you.com\/","name":"Funduk al Shams","description":"","potentialAction":[{"@type":"SearchAction","target":{"@type":"EntryPoint","urlTemplate":"https:\/\/egypt-for-you.com\/?s={search_term_string}"},"query-input":{"@type":"PropertyValueSpecification","valueRequired":true,"valueName":"search_term_string"}}],"inLanguage":"en-GB"}]}},"_links":{"self":[{"href":"https:\/\/egypt-for-you.com\/en\/wp-json\/wp\/v2\/pages\/562","targetHints":{"allow":["GET"]}}],"collection":[{"href":"https:\/\/egypt-for-you.com\/en\/wp-json\/wp\/v2\/pages"}],"about":[{"href":"https:\/\/egypt-for-you.com\/en\/wp-json\/wp\/v2\/types\/page"}],"author":[{"embeddable":true,"href":"https:\/\/egypt-for-you.com\/en\/wp-json\/wp\/v2\/users\/1"}],"replies":[{"embeddable":true,"href":"https:\/\/egypt-for-you.com\/en\/wp-json\/wp\/v2\/comments?post=562"}],"version-history":[{"count":10,"href":"https:\/\/egypt-for-you.com\/en\/wp-json\/wp\/v2\/pages\/562\/revisions"}],"predecessor-version":[{"id":726,"href":"https:\/\/egypt-for-you.com\/en\/wp-json\/wp\/v2\/pages\/562\/revisions\/726"}],"wp:attachment":[{"href":"https:\/\/egypt-for-you.com\/en\/wp-json\/wp\/v2\/media?parent=562"}],"curies":[{"name":"wp","href":"https:\/\/api.w.org\/{rel}","templated":true}]}}